{"id":51,"date":"2024-02-27T00:26:42","date_gmt":"2024-02-26T23:26:42","guid":{"rendered":"https:\/\/joannaosuch.com\/?page_id=51"},"modified":"2024-06-01T00:42:34","modified_gmt":"2024-05-31T22:42:34","slug":"sesje-telegonii","status":"publish","type":"page","link":"https:\/\/joannaosuch.com\/en\/telegony-sessions\/","title":{"rendered":"SESJE TELEGONII"},"content":{"rendered":"<p>[et_pb_section fb_built=&#8221;1&#8243; _builder_version=&#8221;4.18.0&#8243; _module_preset=&#8221;default&#8221; background_image=&#8221;https:\/\/joannaosuch.com\/wp-content\/uploads\/2024\/02\/reiki-kurs.jpg&#8221; custom_padding=&#8221;100px||100px||true|false&#8221; global_colors_info=&#8221;{}&#8221;][et_pb_row _builder_version=&#8221;4.18.0&#8243; _module_preset=&#8221;default&#8221; global_colors_info=&#8221;{}&#8221;][et_pb_column type=&#8221;4_4&#8243; _builder_version=&#8221;4.18.0&#8243; _module_preset=&#8221;default&#8221; global_colors_info=&#8221;{}&#8221;][et_pb_text _builder_version=&#8221;4.18.0&#8243; _module_preset=&#8221;default&#8221; text_orientation=&#8221;center&#8221; global_colors_info=&#8221;{}&#8221;]<\/p>\n<h1>Individual sessions<\/h1>\n<h2>Telegony sessions<\/h2>\n<p>[\/et_pb_text][\/et_pb_column][\/et_pb_row][\/et_pb_section][et_pb_section fb_built=&#8221;1&#8243; _builder_version=&#8221;4.18.0&#8243; _module_preset=&#8221;default&#8221; global_colors_info=&#8221;{}&#8221;][et_pb_row _builder_version=&#8221;4.18.0&#8243; _module_preset=&#8221;default&#8221; global_colors_info=&#8221;{}&#8221;][et_pb_column type=&#8221;4_4&#8243; _builder_version=&#8221;4.18.0&#8243; _module_preset=&#8221;default&#8221; global_colors_info=&#8221;{}&#8221;][et_pb_text _builder_version=&#8221;4.18.0&#8243; _module_preset=&#8221;default&#8221; global_colors_info=&#8221;{}&#8221;]Serdecznie zapraszam Ci\u0119 na sesj\u0119 oczyszczenia telegonicznego dzi\u0119ki kt\u00f3rej zdecydujesz kto naprawd\u0119 b\u0119dzie ojcem Twojego dziecka.<\/p>\n<p>A woman's first sexual partner becomes the genetic father of her future child or children. This means that if a woman has a child with a partner other than her first sexual partner, the child will have the character or appearance of the first man she had sex with.<\/p>\n<p>A telegony session will help cleanse your matrix of the energy of your first sexual man so that your husband or the man with whom you want to start a family is 100% the father of your child.<\/p>\n<p>Po pierwszym seksualnym stosunku Twoja energia zmieni\u0142a si\u0119 czyli po\u0142\u0105czy\u0142a si\u0119 z energi\u0105 Twojego partnera. Dlatego je\u017celi chcesz za\u0142o\u017cy\u0107 rodzin\u0119 z innym m\u0119\u017cczyzn\u0105 ni\u017c z tym z kt\u00f3rym spa\u0142a\u015b po raz pierwszy bardzo polecam sesj\u0119 oczyszczenia telegonicznego.[\/et_pb_text][\/et_pb_column][\/et_pb_row][et_pb_row column_structure=&#8221;1_2,1_2&#8243; make_equal=&#8221;on&#8221; _builder_version=&#8221;4.18.0&#8243; _module_preset=&#8221;default&#8221; custom_css_main_element=&#8221;align-items:center;&#8221; global_colors_info=&#8221;{}&#8221;][et_pb_column type=&#8221;1_2&#8243; _builder_version=&#8221;4.18.0&#8243; _module_preset=&#8221;default&#8221; global_colors_info=&#8221;{}&#8221;][et_pb_image src=&#8221;https:\/\/joannaosuch.com\/wp-content\/uploads\/2024\/02\/3.png&#8221; title_text=&#8221;3&#8243; _builder_version=&#8221;4.18.0&#8243; _module_preset=&#8221;default&#8221; hover_enabled=&#8221;0&#8243; global_colors_info=&#8221;{}&#8221; sticky_enabled=&#8221;0&#8243;][\/et_pb_image][\/et_pb_column][et_pb_column type=&#8221;1_2&#8243; _builder_version=&#8221;4.18.0&#8243; _module_preset=&#8221;default&#8221; global_colors_info=&#8221;{}&#8221;][et_pb_text _builder_version=&#8221;4.18.0&#8243; _module_preset=&#8221;default&#8221; global_colors_info=&#8221;{}&#8221;]<\/p>\n<p>This session will help you clear your matrix on two levels: energetic and physical.<\/p>\n<p>&nbsp;<\/p>\n<ul>\n<li>At the energy level, when two people make love, there is an exchange of energy. A woman receives all kinds of emotions from a man based on his traumas, experiences and his internal energy. Of course, she also receives good energy if her sexual partner has it. We will only deal with unfavorable energy during the session. I will heal you of the negative emotions that you received from a man during your first act of love.<\/li>\n<li>On the physical level, the first sexual man programs the woman's body and especially the pelvis with its \"physicality\". So a child may have many of his character traits and even his appearance. It will also be connected to him and his lineage on an energetic level. Here I will cleanse your matrix and pelvis of the energy of the man with whom you had sex for the first time, so that your future child will be 100% the child of your chosen one.<\/li>\n<\/ul>\n<p>[\/et_pb_text][\/et_pb_column][\/et_pb_row][et_pb_row _builder_version=&#8221;4.18.0&#8243; _module_preset=&#8221;default&#8221; global_colors_info=&#8221;{}&#8221;][et_pb_column type=&#8221;4_4&#8243; _builder_version=&#8221;4.18.0&#8243; _module_preset=&#8221;default&#8221; global_colors_info=&#8221;{}&#8221;][et_pb_text _builder_version=&#8221;4.18.0&#8243; _module_preset=&#8221;default&#8221; text_orientation=&#8221;center&#8221; width=&#8221;70%&#8221; module_alignment=&#8221;center&#8221; global_colors_info=&#8221;{}&#8221;]Sesja trwa 1,5 godziny.<br \/>\nCena to \u00a380 lub 450z\u0142 p\u0142atne na konto bankowe przed sesj\u0105.<br \/>\nProsz\u0119 o podes\u0142anie potwierdzenia wp\u0142aty.[\/et_pb_text][\/et_pb_column][\/et_pb_row][et_pb_row _builder_version=&#8221;4.18.0&#8243; _module_preset=&#8221;default&#8221; global_module=&#8221;15&#8243; saved_tabs=&#8221;all&#8221; global_colors_info=&#8221;{}&#8221;][et_pb_column type=&#8221;4_4&#8243; _builder_version=&#8221;4.18.0&#8243; _module_preset=&#8221;default&#8221; global_colors_info=&#8221;{}&#8221;][et_pb_text _builder_version=&#8221;4.18.0&#8243; _module_preset=&#8221;default&#8221; text_orientation=&#8221;center&#8221; global_colors_info=&#8221;{}&#8221;]<\/p>\n<p><a href=\"https:\/\/joannaosuch.com\/en\/contact\/\" id=\"przycisk\">contact me<\/a><\/p>\n<p>[\/et_pb_text][\/et_pb_column][\/et_pb_row][\/et_pb_section]<\/p>","protected":false},"excerpt":{"rendered":"<p>Sesje indywidualne Sesje telegoniiSerdecznie zapraszam Ci\u0119 na sesj\u0119 oczyszczenia telegonicznego dzi\u0119ki kt\u00f3rej zdecydujesz kto naprawd\u0119 b\u0119dzie ojcem Twojego dziecka. Pierwszy seksualny partner kobiety staje si\u0119 ojcem genetycznym jej przysz\u0142ego dziecka b\u0105d\u017a dzieci. Oznacza to, \u017ce je\u017celi kobieta b\u0119dzie mia\u0142a dziecko z innym partnerem ni\u017c jej pierwszy seksualny m\u0119\u017cczyzna to dziecko b\u0119dzie mia\u0142o cechy charakteru b\u0105d\u017a [&hellip;]<\/p>","protected":false},"author":1,"featured_media":0,"parent":0,"menu_order":0,"comment_status":"closed","ping_status":"closed","template":"","meta":{"_et_pb_use_builder":"on","_et_pb_old_content":"","_et_gb_content_width":"","footnotes":""},"_links":{"self":[{"href":"https:\/\/joannaosuch.com\/en\/wp-json\/wp\/v2\/pages\/51"}],"collection":[{"href":"https:\/\/joannaosuch.com\/en\/wp-json\/wp\/v2\/pages"}],"about":[{"href":"https:\/\/joannaosuch.com\/en\/wp-json\/wp\/v2\/types\/page"}],"author":[{"embeddable":true,"href":"https:\/\/joannaosuch.com\/en\/wp-json\/wp\/v2\/users\/1"}],"replies":[{"embeddable":true,"href":"https:\/\/joannaosuch.com\/en\/wp-json\/wp\/v2\/comments?post=51"}],"version-history":[{"count":5,"href":"https:\/\/joannaosuch.com\/en\/wp-json\/wp\/v2\/pages\/51\/revisions"}],"predecessor-version":[{"id":377,"href":"https:\/\/joannaosuch.com\/en\/wp-json\/wp\/v2\/pages\/51\/revisions\/377"}],"wp:attachment":[{"href":"https:\/\/joannaosuch.com\/en\/wp-json\/wp\/v2\/media?parent=51"}],"curies":[{"name":"wp","href":"https:\/\/api.w.org\/{rel}","templated":true}]}}