{"id":38,"date":"2024-02-27T00:07:19","date_gmt":"2024-02-26T23:07:19","guid":{"rendered":"https:\/\/joannaosuch.com\/?page_id=38"},"modified":"2024-02-27T00:10:20","modified_gmt":"2024-02-26T23:10:20","slug":"sesje-indywidualne","status":"publish","type":"page","link":"https:\/\/joannaosuch.com\/en\/individual-sessions\/","title":{"rendered":"SESJE INDYWIDUALNE"},"content":{"rendered":"<p>[et_pb_section fb_built=&#8221;1&#8243; _builder_version=&#8221;4.18.0&#8243; _module_preset=&#8221;default&#8221; background_image=&#8221;https:\/\/joannaosuch.com\/wp-content\/uploads\/2024\/02\/reiki-kurs.jpg&#8221; custom_padding=&#8221;100px||100px||true|false&#8221; global_colors_info=&#8221;{}&#8221;][et_pb_row _builder_version=&#8221;4.18.0&#8243; _module_preset=&#8221;default&#8221; global_colors_info=&#8221;{}&#8221;][et_pb_column type=&#8221;4_4&#8243; _builder_version=&#8221;4.18.0&#8243; _module_preset=&#8221;default&#8221; global_colors_info=&#8221;{}&#8221;][et_pb_text _builder_version=&#8221;4.18.0&#8243; _module_preset=&#8221;default&#8221; text_orientation=&#8221;center&#8221; hover_enabled=&#8221;0&#8243; global_colors_info=&#8221;{}&#8221; sticky_enabled=&#8221;0&#8243;]<\/p>\n<h1>Individual sessions<\/h1>\n<p>[\/et_pb_text][\/et_pb_column][\/et_pb_row][\/et_pb_section][et_pb_section fb_built=&#8221;1&#8243; _builder_version=&#8221;4.18.0&#8243; _module_preset=&#8221;default&#8221; global_colors_info=&#8221;{}&#8221;][et_pb_row _builder_version=&#8221;4.18.0&#8243; _module_preset=&#8221;default&#8221; global_colors_info=&#8221;{}&#8221;][et_pb_column type=&#8221;4_4&#8243; _builder_version=&#8221;4.18.0&#8243; _module_preset=&#8221;default&#8221; global_colors_info=&#8221;{}&#8221;][et_pb_text _builder_version=&#8221;4.18.0&#8243; _module_preset=&#8221;default&#8221; hover_enabled=&#8221;0&#8243; global_colors_info=&#8221;{}&#8221; sticky_enabled=&#8221;0&#8243;]Zapraszam Ci\u0119 serdecznie do sesji indywidualnej na kt\u00f3rej skupimy si\u0119 na zmianie Twoich problem\u00f3w.<br \/>\nIn a session you can clear all kinds of difficulties that you are going through. They may concern love, relationships with partners or other people, work, money, trauma, addiction, illness and many others.<\/p>\n<p>Wierz\u0119, \u017ce wszystkie problemy cz\u0142owieka zacz\u0119\u0142y si\u0119 z negatywnych i nieprzepracowanych prze\u017cy\u0107 i emocji, kt\u00f3re w nie\u015bwiadomy spos\u00f3b ca\u0142y czas dzia\u0142aj\u0105 na niego, dlatego trzeba wr\u00f3ci\u0107 tam gdzie pojawi\u0142y si\u0119 one po raz pierwszy i je zmieni\u0107 poprzez zrozumienie, zaakceptowanie i puszczenie tego co si\u0119 wydarzy\u0142o.[\/et_pb_text][\/et_pb_column][\/et_pb_row][et_pb_row column_structure=&#8221;1_2,1_2&#8243; make_equal=&#8221;on&#8221; _builder_version=&#8221;4.18.0&#8243; _module_preset=&#8221;default&#8221; custom_css_main_element=&#8221;align-items:center;&#8221; global_colors_info=&#8221;{}&#8221;][et_pb_column type=&#8221;1_2&#8243; _builder_version=&#8221;4.18.0&#8243; _module_preset=&#8221;default&#8221; global_colors_info=&#8221;{}&#8221;][et_pb_image src=&#8221;https:\/\/joannaosuch.com\/wp-content\/uploads\/2024\/02\/sesje-indywidualne-scaled.jpg&#8221; title_text=&#8221;sesje indywidualne&#8221; _builder_version=&#8221;4.18.0&#8243; _module_preset=&#8221;default&#8221; hover_enabled=&#8221;0&#8243; global_colors_info=&#8221;{}&#8221; sticky_enabled=&#8221;0&#8243;][\/et_pb_image][\/et_pb_column][et_pb_column type=&#8221;1_2&#8243; _builder_version=&#8221;4.18.0&#8243; _module_preset=&#8221;default&#8221; global_colors_info=&#8221;{}&#8221;][et_pb_text _builder_version=&#8221;4.18.0&#8243; _module_preset=&#8221;default&#8221; hover_enabled=&#8221;0&#8243; global_colors_info=&#8221;{}&#8221; sticky_enabled=&#8221;0&#8243;]Sesja indywidualna to g\u0142\u0119boka praca na wielu p\u0142aszczyznach takich jak praca z rodem, z rodzicami, inne wcielenia, traumy, przemiana niewspieraj\u0105cych przekona\u0144, praca z wewn\u0119trznym dzieckiem, pokochanie i zaakceptowanie siebie oraz wszystko to co jeszcze si\u0119 pokarze podczas sesji co powoduje Tw\u00f3j problem. Do uzdrawiania b\u0119d\u0119 u\u017cywa\u0107 mojej autorskiej metody \u201eUzdrawianie Duszy\u201d kt\u00f3ra pomo\u017ce Ci szybciej przemieni\u0107 negatywne emocje na najg\u0142\u0119bszych poziomach.<\/p>\n<p>Po przepracowaniu negatywnych emocji Twoja dusza poczuje si\u0119 szcz\u0119\u015bliwa a to na poziomie fizycznym oznacza, \u017ce Twoje \u017cycie przejdzie transformacj\u0119. Pozb\u0119dziesz si\u0119 k\u0142opot\u00f3w, trudno\u015bci i zaczniesz by\u0107 radosny i promienny. Twoje \u017cycie odmieni si\u0119 na lepsze. B\u0119dziesz mie\u0107 fajniejszy kontakt z rodzin\u0105 i z innymi lud\u017ami, bardziej pokochasz siebie, otworzysz si\u0119 na \u015bwiat, jego dobro i mi\u0142o\u015b\u0107. Twoje cia\u0142o zacznie szybciej wraca\u0107 do zdrowia.[\/et_pb_text][\/et_pb_column][\/et_pb_row][et_pb_row _builder_version=&#8221;4.18.0&#8243; _module_preset=&#8221;default&#8221; global_colors_info=&#8221;{}&#8221;][et_pb_column type=&#8221;4_4&#8243; _builder_version=&#8221;4.18.0&#8243; _module_preset=&#8221;default&#8221; global_colors_info=&#8221;{}&#8221;][et_pb_text _builder_version=&#8221;4.18.0&#8243; _module_preset=&#8221;default&#8221; text_orientation=&#8221;center&#8221; width=&#8221;70%&#8221; module_alignment=&#8221;center&#8221; hover_enabled=&#8221;0&#8243; global_colors_info=&#8221;{}&#8221; sticky_enabled=&#8221;0&#8243;]Czas sesji to 1,5 godziny.<br \/>\nCena to \u00a365 lub 350z\u0142 p\u0142atne na konto bankowe przed sesj\u0105.<br \/>\nProsz\u0119 o podes\u0142anie potwierdzenia wp\u0142aty.[\/et_pb_text][\/et_pb_column][\/et_pb_row][et_pb_row _builder_version=&#8221;4.18.0&#8243; _module_preset=&#8221;default&#8221; global_module=&#8221;15&#8243; saved_tabs=&#8221;all&#8221; global_colors_info=&#8221;{}&#8221;][et_pb_column type=&#8221;4_4&#8243; _builder_version=&#8221;4.18.0&#8243; _module_preset=&#8221;default&#8221; global_colors_info=&#8221;{}&#8221;][et_pb_text _builder_version=&#8221;4.18.0&#8243; _module_preset=&#8221;default&#8221; global_colors_info=&#8221;{}&#8221;]<a href=\"https:\/\/joannaosuch.com\/en\/contact\/\" id=\"przycisk\">contact me<\/a>[\/et_pb_text][\/et_pb_column][\/et_pb_row][\/et_pb_section]<\/p>","protected":false},"excerpt":{"rendered":"<p>Sesje indywidualne Zapraszam Ci\u0119 serdecznie do sesji indywidualnej na kt\u00f3rej skupimy si\u0119 na zmianie Twoich problem\u00f3w. Na sesji mo\u017cesz oczy\u015bci\u0107 wszystkiego rodzaju trudno\u015bci przez kt\u00f3re przechodzisz. Mog\u0105 one dotyczy\u0107 mi\u0142o\u015bci, relacji partnerskiej b\u0105d\u017a z innymi osobami, pracy, pieni\u0119dzy, traumy, uzale\u017cnienia, choroby i wiele innych. Wierz\u0119, \u017ce wszystkie problemy cz\u0142owieka zacz\u0119\u0142y si\u0119 z negatywnych i nieprzepracowanych [&hellip;]<\/p>","protected":false},"author":1,"featured_media":0,"parent":0,"menu_order":0,"comment_status":"closed","ping_status":"closed","template":"","meta":{"_et_pb_use_builder":"on","_et_pb_old_content":"","_et_gb_content_width":"","footnotes":""},"_links":{"self":[{"href":"https:\/\/joannaosuch.com\/en\/wp-json\/wp\/v2\/pages\/38"}],"collection":[{"href":"https:\/\/joannaosuch.com\/en\/wp-json\/wp\/v2\/pages"}],"about":[{"href":"https:\/\/joannaosuch.com\/en\/wp-json\/wp\/v2\/types\/page"}],"author":[{"embeddable":true,"href":"https:\/\/joannaosuch.com\/en\/wp-json\/wp\/v2\/users\/1"}],"replies":[{"embeddable":true,"href":"https:\/\/joannaosuch.com\/en\/wp-json\/wp\/v2\/comments?post=38"}],"version-history":[{"count":3,"href":"https:\/\/joannaosuch.com\/en\/wp-json\/wp\/v2\/pages\/38\/revisions"}],"predecessor-version":[{"id":42,"href":"https:\/\/joannaosuch.com\/en\/wp-json\/wp\/v2\/pages\/38\/revisions\/42"}],"wp:attachment":[{"href":"https:\/\/joannaosuch.com\/en\/wp-json\/wp\/v2\/media?parent=38"}],"curies":[{"name":"wp","href":"https:\/\/api.w.org\/{rel}","templated":true}]}}