{"id":25,"date":"2024-02-26T23:54:13","date_gmt":"2024-02-26T22:54:13","guid":{"rendered":"https:\/\/joannaosuch.com\/?page_id=25"},"modified":"2024-05-30T11:00:58","modified_gmt":"2024-05-30T09:00:58","slug":"kurs-reiki-online","status":"publish","type":"page","link":"https:\/\/joannaosuch.com\/en\/online-reiki-course\/","title":{"rendered":"KURS REIKI ONLINE"},"content":{"rendered":"<p>[et_pb_section fb_built=&#8221;1&#8243; _builder_version=&#8221;4.18.0&#8243; _module_preset=&#8221;default&#8221; background_image=&#8221;https:\/\/joannaosuch.com\/wp-content\/uploads\/2024\/02\/reiki-kurs.jpg&#8221; custom_padding=&#8221;100px||100px||true|false&#8221; global_colors_info=&#8221;{}&#8221;][et_pb_row _builder_version=&#8221;4.18.0&#8243; _module_preset=&#8221;default&#8221; global_colors_info=&#8221;{}&#8221;][et_pb_column type=&#8221;4_4&#8243; _builder_version=&#8221;4.18.0&#8243; _module_preset=&#8221;default&#8221; global_colors_info=&#8221;{}&#8221;][et_pb_text _builder_version=&#8221;4.18.0&#8243; _module_preset=&#8221;default&#8221; text_orientation=&#8221;center&#8221; global_colors_info=&#8221;{}&#8221;]<\/p>\n<h1>REIKI COURSES<\/h1>\n<h2>ONLINE COURSE<\/h2>\n<p>[\/et_pb_text][\/et_pb_column][\/et_pb_row][\/et_pb_section][et_pb_section fb_built=&#8221;1&#8243; _builder_version=&#8221;4.18.0&#8243; _module_preset=&#8221;default&#8221; global_colors_info=&#8221;{}&#8221;][et_pb_row _builder_version=&#8221;4.18.0&#8243; _module_preset=&#8221;default&#8221; global_colors_info=&#8221;{}&#8221;][et_pb_column type=&#8221;4_4&#8243; _builder_version=&#8221;4.18.0&#8243; _module_preset=&#8221;default&#8221; global_colors_info=&#8221;{}&#8221;][et_pb_text _builder_version=&#8221;4.18.0&#8243; _module_preset=&#8221;default&#8221; global_colors_info=&#8221;{}&#8221;]Zapraszam Ci\u0119 r\u00f3wnie\u017c na kursy Reiki online. S\u0105 bardzo wygodn\u0105 form\u0105 nauki. Bez podr\u00f3\u017cowania i w zaciszu swojego domu mo\u017cesz nauczy\u0107 si\u0119 jak uzdrawia\u0107 siebie i innych. Ca\u0142y materia\u0142 jest przerabiany ze mn\u0105 wraz z cz\u0119\u015bci\u0105 praktyczna na platformie zoomie. Skrypt i certyfikat wysy\u0142am mailem.<\/p>\n<p>Je\u017celi zastanawiasz si\u0119 czy jest mo\u017cliwym nauczy\u0107 si\u0119 odczuwa\u0107 energi\u0119, \u0142\u0105czy\u0107 si\u0119 z ni\u0105 i przekazywa\u0107 j\u0105 dalej to b\u0105d\u017a spokojny tak mo\u017cna nauczy\u0107 si\u0119 r\u00f3wnie\u017c w ten spos\u00f3b. Wszystko jest energi\u0105, Ty i ja r\u00f3wnie\u017c, dzi\u0119ki temu mog\u0119 Ci\u0119 inicjowa\u0107 z dowolnego miejsca na ziemi z takim samym skutkiem jakbym to zrobi\u0142a fizycznie przy Tobie. [\/et_pb_text][\/et_pb_column][\/et_pb_row][et_pb_row column_structure=&#8221;1_2,1_2&#8243; make_equal=&#8221;on&#8221; _builder_version=&#8221;4.18.0&#8243; _module_preset=&#8221;default&#8221; custom_css_main_element=&#8221;align-items:center;&#8221; global_colors_info=&#8221;{}&#8221;][et_pb_column type=&#8221;1_2&#8243; _builder_version=&#8221;4.18.0&#8243; _module_preset=&#8221;default&#8221; global_colors_info=&#8221;{}&#8221;][et_pb_image src=&#8221;https:\/\/joannaosuch.com\/wp-content\/uploads\/2024\/03\/sesje-grupowe-online-scaled.jpg&#8221; title_text=&#8221;sesje grupowe online&#8221; _builder_version=&#8221;4.18.0&#8243; _module_preset=&#8221;default&#8221; hover_enabled=&#8221;0&#8243; global_colors_info=&#8221;{}&#8221; sticky_enabled=&#8221;0&#8243;][\/et_pb_image][\/et_pb_column][et_pb_column type=&#8221;1_2&#8243; _builder_version=&#8221;4.18.0&#8243; _module_preset=&#8221;default&#8221; global_colors_info=&#8221;{}&#8221;][et_pb_text _builder_version=&#8221;4.18.0&#8243; _module_preset=&#8221;default&#8221; global_colors_info=&#8221;{}&#8221;]Kursy online pokrywaj\u0105 dok\u0142adnie t\u0119 sam\u0105 wiedz\u0119 i praktyk\u0119 jak kursy stacjonarne. Kursant praktykuje zdobyt\u0105 wiedz\u0119 na sobie jak i na drugiej osobie pod moim okiem dlatego na kursach online wa\u017cne jest to abym Ci\u0119 widzia\u0142a.<\/p>\n<p>Kursy Reiki online s\u0105 grupowe i zawsze s\u0105 w weekend. Rozpoczynaj\u0105 si\u0119 o godzinie 9:30am UK czasu. Jest te\u017c mo\u017cliwo\u015b\u0107 zrobienia kursu indywidualnego dopasowanego czasowo do nas obu. Od Ciebie zale\u017cy czy wolisz aby ca\u0142a uwaga by\u0142a skupiona tylko na Tobie czy chcia\u0142by\u015b pozna\u0107 inne osoby i prze\u017cy\u0107 t\u0105 przygod\u0119 z nimi.[\/et_pb_text][\/et_pb_column][\/et_pb_row][et_pb_row column_structure=&#8221;1_2,1_2&#8243; _builder_version=&#8221;4.18.0&#8243; _module_preset=&#8221;default&#8221; global_colors_info=&#8221;{}&#8221;][et_pb_column type=&#8221;1_2&#8243; _builder_version=&#8221;4.18.0&#8243; _module_preset=&#8221;default&#8221; global_colors_info=&#8221;{}&#8221;][et_pb_text _builder_version=&#8221;4.18.0&#8243; _module_preset=&#8221;default&#8221; global_colors_info=&#8221;{}&#8221;]<strong>Reiki course dates:<\/strong><\/p>\n<p><strong><\/strong><\/p>\n<ul>\n<li>January 27-28 \u2013 basic course<\/li>\n<li>March 2-3 \u2013 basic course<\/li>\n<li>April 6-7 \u2013 advanced course<\/li>\n<li>May 18-19 \u2013 basic course<\/li>\n<li>June 15-16 \u2013 basic course<\/li>\n<li>July 20-21 \u2013 advanced course<\/li>\n<li>August 23-24-25 \u2013 master class<\/li>\n<li>September 21-22 \u2013 basic course<\/li>\n<li>October 19-20 basic course<\/li>\n<li>November 16-17 \u2013 advanced course<\/li>\n<li>December 7-8 \u2013 basic course<\/li>\n<\/ul>\n<p>[\/et_pb_text][\/et_pb_column][et_pb_column type=&#8221;1_2&#8243; _builder_version=&#8221;4.18.0&#8243; _module_preset=&#8221;default&#8221; global_colors_info=&#8221;{}&#8221;][\/et_pb_column][\/et_pb_row][et_pb_row _builder_version=&#8221;4.18.0&#8243; _module_preset=&#8221;default&#8221; custom_padding=&#8221;17px|||||&#8221; global_colors_info=&#8221;{}&#8221;][et_pb_column type=&#8221;4_4&#8243; _builder_version=&#8221;4.18.0&#8243; _module_preset=&#8221;default&#8221; global_colors_info=&#8221;{}&#8221;][et_pb_text _builder_version=&#8221;4.18.0&#8243; _module_preset=&#8221;default&#8221; global_colors_info=&#8221;{}&#8221;]Ceny s\u0105 dok\u0142adnie takie same jak kursy stacjonarne. Prosz\u0119 o wp\u0142at\u0119 przed rozpocz\u0119ciem kursu i o podes\u0142anie potwierdzenia zap\u0142aty.[\/et_pb_text][\/et_pb_column][\/et_pb_row][et_pb_row _builder_version=&#8221;4.18.0&#8243; _module_preset=&#8221;default&#8221; global_colors_info=&#8221;{}&#8221;][et_pb_column type=&#8221;4_4&#8243; _builder_version=&#8221;4.18.0&#8243; _module_preset=&#8221;default&#8221; global_colors_info=&#8221;{}&#8221;][et_pb_text _builder_version=&#8221;4.18.0&#8243; _module_preset=&#8221;default&#8221; text_orientation=&#8221;center&#8221; width=&#8221;90%&#8221; module_alignment=&#8221;center&#8221; global_colors_info=&#8221;{}&#8221;]<\/p>\n<p>To change your life to the one you dream of, you need to decide that this is what you want and take the first step.<br \/>Reiki courses can help you a lot with this.<\/p>\n<p>[\/et_pb_text][\/et_pb_column][\/et_pb_row][et_pb_row _builder_version=&#8221;4.18.0&#8243; _module_preset=&#8221;default&#8221; global_module=&#8221;15&#8243; saved_tabs=&#8221;all&#8221; global_colors_info=&#8221;{}&#8221;][et_pb_column type=&#8221;4_4&#8243; _builder_version=&#8221;4.18.0&#8243; _module_preset=&#8221;default&#8221; global_colors_info=&#8221;{}&#8221;][et_pb_text _builder_version=&#8221;4.18.0&#8243; _module_preset=&#8221;default&#8221; text_orientation=&#8221;center&#8221; global_colors_info=&#8221;{}&#8221;]<\/p>\n<p><a href=\"https:\/\/joannaosuch.com\/en\/contact\/\" id=\"przycisk\">contact me<\/a><\/p>\n<p>[\/et_pb_text][\/et_pb_column][\/et_pb_row][\/et_pb_section]<\/p>","protected":false},"excerpt":{"rendered":"<p>KURSY REIKI KURS ONLINEZapraszam Ci\u0119 r\u00f3wnie\u017c na kursy Reiki online. S\u0105 bardzo wygodn\u0105 form\u0105 nauki. Bez podr\u00f3\u017cowania i w zaciszu swojego domu mo\u017cesz nauczy\u0107 si\u0119 jak uzdrawia\u0107 siebie i innych. Ca\u0142y materia\u0142 jest przerabiany ze mn\u0105 wraz z cz\u0119\u015bci\u0105 praktyczna na platformie zoomie. Skrypt i certyfikat wysy\u0142am mailem. Je\u017celi zastanawiasz si\u0119 czy jest mo\u017cliwym nauczy\u0107 [&hellip;]<\/p>","protected":false},"author":1,"featured_media":0,"parent":0,"menu_order":0,"comment_status":"closed","ping_status":"closed","template":"","meta":{"_et_pb_use_builder":"on","_et_pb_old_content":"","_et_gb_content_width":"","footnotes":""},"_links":{"self":[{"href":"https:\/\/joannaosuch.com\/en\/wp-json\/wp\/v2\/pages\/25"}],"collection":[{"href":"https:\/\/joannaosuch.com\/en\/wp-json\/wp\/v2\/pages"}],"about":[{"href":"https:\/\/joannaosuch.com\/en\/wp-json\/wp\/v2\/types\/page"}],"author":[{"embeddable":true,"href":"https:\/\/joannaosuch.com\/en\/wp-json\/wp\/v2\/users\/1"}],"replies":[{"embeddable":true,"href":"https:\/\/joannaosuch.com\/en\/wp-json\/wp\/v2\/comments?post=25"}],"version-history":[{"count":6,"href":"https:\/\/joannaosuch.com\/en\/wp-json\/wp\/v2\/pages\/25\/revisions"}],"predecessor-version":[{"id":358,"href":"https:\/\/joannaosuch.com\/en\/wp-json\/wp\/v2\/pages\/25\/revisions\/358"}],"wp:attachment":[{"href":"https:\/\/joannaosuch.com\/en\/wp-json\/wp\/v2\/media?parent=25"}],"curies":[{"name":"wp","href":"https:\/\/api.w.org\/{rel}","templated":true}]}}