{"id":160,"date":"2024-02-27T22:22:08","date_gmt":"2024-02-27T21:22:08","guid":{"rendered":"https:\/\/joannaosuch.com\/?page_id=160"},"modified":"2024-03-05T23:23:32","modified_gmt":"2024-03-05T22:23:32","slug":"ksiezycowe-reiki","status":"publish","type":"page","link":"https:\/\/joannaosuch.com\/en\/lunar-reiki\/","title":{"rendered":"Lunar REIKI"},"content":{"rendered":"<p>[et_pb_section fb_built=&#8221;1&#8243; _builder_version=&#8221;4.18.0&#8243; _module_preset=&#8221;default&#8221; background_image=&#8221;https:\/\/joannaosuch.com\/wp-content\/uploads\/2024\/02\/reiki-kurs.jpg&#8221; custom_padding=&#8221;100px||100px||true|false&#8221; global_colors_info=&#8221;{}&#8221;][et_pb_row _builder_version=&#8221;4.18.0&#8243; _module_preset=&#8221;default&#8221; global_colors_info=&#8221;{}&#8221;][et_pb_column type=&#8221;4_4&#8243; _builder_version=&#8221;4.18.0&#8243; _module_preset=&#8221;default&#8221; global_colors_info=&#8221;{}&#8221;][et_pb_text _builder_version=&#8221;4.18.0&#8243; _module_preset=&#8221;default&#8221; header_2_font=&#8221;|700|||||||&#8221; text_orientation=&#8221;center&#8221; global_colors_info=&#8221;{}&#8221;]<\/p>\n<h1>Online group sessions<\/h1>\n<h2>Lunar REIKI<\/h2>\n<p>[\/et_pb_text][\/et_pb_column][\/et_pb_row][\/et_pb_section][et_pb_section fb_built=&#8221;1&#8243; _builder_version=&#8221;4.18.0&#8243; _module_preset=&#8221;default&#8221; custom_padding=&#8221;||22px|||&#8221; global_colors_info=&#8221;{}&#8221;][et_pb_row column_structure=&#8221;2_5,3_5&#8243; _builder_version=&#8221;4.18.0&#8243; _module_preset=&#8221;default&#8221; global_colors_info=&#8221;{}&#8221;][et_pb_column type=&#8221;2_5&#8243; _builder_version=&#8221;4.18.0&#8243; _module_preset=&#8221;default&#8221; global_colors_info=&#8221;{}&#8221;][et_pb_text _builder_version=&#8221;4.18.0&#8243; _module_preset=&#8221;default&#8221; global_colors_info=&#8221;{}&#8221;]Zapraszam Ci\u0119 serdecznie do grupowej sesji online na platformie zoom gdzie przy u\u017cyciu energii Reiki b\u0119dziemy pracowa\u0107 nad r\u00f3\u017cnymi tematami. Ka\u017cde spotkanie ma jeden temat przewodni kt\u00f3ry mo\u017ce dotyczy\u0107 emocji, mi\u0142o\u015bci, relacji, pieni\u0119dzy, itd. <\/p>\n<p>Reiki is the Universal Energy of Life that heals on the mental, emotional, soul and body levels.<br \/>\nJej g\u0142\u00f3wnym celem jest zniesienie wszelkich blokad i wprowadzenie harmonii i szcz\u0119\u015bcia do Twojego \u017cycia. Reiki mocno wycisza, uspakaja i koi. Pomaga w depresji i przy przemianie negatywnych emocji. Wspiera w pokochaniu siebie i innych os\u00f3b. Mo\u017ce pom\u00f3c zredukowa\u0107 r\u00f3\u017cnego rodzaju b\u00f3le i l\u0119ki. Pomaga r\u00f3wnie\u017c w uzdrowieniu cia\u0142a z r\u00f3\u017cnych chor\u00f3b r\u00f3wnie\u017c tych somatycznych jak i przewlek\u0142ych, w tym np. raka. [\/et_pb_text][\/et_pb_column][et_pb_column type=&#8221;3_5&#8243; _builder_version=&#8221;4.18.0&#8243; _module_preset=&#8221;default&#8221; global_colors_info=&#8221;{}&#8221;][et_pb_image src=&#8221;https:\/\/joannaosuch.com\/wp-content\/uploads\/2024\/02\/ksiezycowe-reiki.jpg&#8221; title_text=&#8221;ksiezycowe reiki&#8221; _builder_version=&#8221;4.18.0&#8243; _module_preset=&#8221;default&#8221; global_colors_info=&#8221;{}&#8221;][\/et_pb_image][\/et_pb_column][\/et_pb_row][\/et_pb_section][et_pb_section fb_built=&#8221;1&#8243; _builder_version=&#8221;4.18.0&#8243; _module_preset=&#8221;default&#8221; custom_margin=&#8221;15px||15px||true|false&#8221; custom_padding=&#8221;0px||0px||true|false&#8221; hover_enabled=&#8221;0&#8243; global_colors_info=&#8221;{}&#8221; sticky_enabled=&#8221;0&#8243;][et_pb_row _builder_version=&#8221;4.18.0&#8243; _module_preset=&#8221;default&#8221; hover_enabled=&#8221;0&#8243; global_colors_info=&#8221;{}&#8221; sticky_enabled=&#8221;0&#8243;][et_pb_column type=&#8221;4_4&#8243; _builder_version=&#8221;4.18.0&#8243; _module_preset=&#8221;default&#8221; global_colors_info=&#8221;{}&#8221;][et_pb_text _builder_version=&#8221;4.18.0&#8243; _module_preset=&#8221;default&#8221; text_font=&#8221;|700|||||||&#8221; text_font_size=&#8221;17px&#8221; text_orientation=&#8221;center&#8221; global_colors_info=&#8221;{}&#8221;]<\/p>\n<p>Reiki energy will heal your problem on many levels at the same time. It will flow to the past and the present. Thanks to the personal intention you choose at the beginning of the session, Reiki will flow to where your problem first appeared to transform it on the energetic level. Energy can heal your traumas and negative experiences, your lineage and even other incarnations.<\/p>\n<p>[\/et_pb_text][\/et_pb_column][\/et_pb_row][\/et_pb_section][et_pb_section fb_built=&#8221;1&#8243; _builder_version=&#8221;4.18.0&#8243; _module_preset=&#8221;default&#8221; custom_padding=&#8221;23px|||||&#8221; global_colors_info=&#8221;{}&#8221;][et_pb_row _builder_version=&#8221;4.18.0&#8243; _module_preset=&#8221;default&#8221; global_colors_info=&#8221;{}&#8221;][et_pb_column type=&#8221;4_4&#8243; _builder_version=&#8221;4.18.0&#8243; _module_preset=&#8221;default&#8221; global_colors_info=&#8221;{}&#8221;][et_pb_text _builder_version=&#8221;4.18.0&#8243; _module_preset=&#8221;default&#8221; global_colors_info=&#8221;{}&#8221;]<\/p>\n<p>Lunar Reiki always takes place during the full moon because its energy also strongly affects us. Combining Reiki energy with the energy of the full moon further accelerates the transformation. Group energy also supports healing, so I highly recommend group sessions because they make the most of the energy that the universe offers us.<\/p>\n<p><strong>Each Lunar Reiki begins at 6pm UK time.<\/strong><\/p>\n<p>[\/et_pb_text][\/et_pb_column][\/et_pb_row][et_pb_row column_structure=&#8221;1_2,1_2&#8243; make_equal=&#8221;on&#8221; _builder_version=&#8221;4.18.0&#8243; _module_preset=&#8221;default&#8221; custom_css_main_element=&#8221;align-items:center;&#8221; global_colors_info=&#8221;{}&#8221;][et_pb_column type=&#8221;1_2&#8243; _builder_version=&#8221;4.18.0&#8243; _module_preset=&#8221;default&#8221; global_colors_info=&#8221;{}&#8221;][et_pb_text _builder_version=&#8221;4.18.0&#8243; _module_preset=&#8221;default&#8221; global_colors_info=&#8221;{}&#8221;]<\/p>\n<p><strong>Session program:<\/strong><\/p>\n<ul>\n<li>Introduction about the main topic<\/li>\n<li>Determining the individual intention of each session participant regarding the main topic<\/li>\n<li>30 minutes of Reiki energy healing<\/li>\n<li>Sharing feelings and impressions from the session<\/li>\n<li>End of the meeting<\/li>\n<\/ul>\n<p>&nbsp;<\/p>\n<p><strong>Session topics:<\/strong><\/p>\n<p>January 25 \u2013 a new beginning<br \/>February 24 \u2013 operational blockades<br \/>March 25 \u2013 self-love<br \/>April 24 \u2013 partnership relationship<br \/>May 23 - setting boundaries<br \/>June 22 \u2013 my femininity\/my masculinity<br \/>July 21 \u2013 my body and sexuality<br \/>August 19 \u2013 me and my work<br \/>September 18 \u2013 my finances<br \/>October 17 \u2013 separations and farewells<br \/>November 15 \u2013 courage in action<br \/>December 15 \u2013 family relationships<\/p>\n<p><strong>Session time 45 minutes.<\/strong><br \/><strong>The price is \u00a390 or PLN 500 payable to your bank account before the session.<\/strong><br \/><strong>Please send me confirmation of payment.<\/strong><\/p>\n<p>[\/et_pb_text][\/et_pb_column][et_pb_column type=&#8221;1_2&#8243; _builder_version=&#8221;4.18.0&#8243; _module_preset=&#8221;default&#8221; global_colors_info=&#8221;{}&#8221;][et_pb_image src=&#8221;https:\/\/joannaosuch.com\/wp-content\/uploads\/2024\/02\/ksiezycowe-reiki.4.jpg&#8221; title_text=&#8221;ksiezycowe reiki.4&#8243; _builder_version=&#8221;4.18.0&#8243; _module_preset=&#8221;default&#8221; global_colors_info=&#8221;{}&#8221;][\/et_pb_image][\/et_pb_column][\/et_pb_row][et_pb_row _builder_version=&#8221;4.18.0&#8243; _module_preset=&#8221;default&#8221; global_module=&#8221;15&#8243; saved_tabs=&#8221;all&#8221; global_colors_info=&#8221;{}&#8221;][et_pb_column type=&#8221;4_4&#8243; _builder_version=&#8221;4.18.0&#8243; _module_preset=&#8221;default&#8221; global_colors_info=&#8221;{}&#8221;][et_pb_text _builder_version=&#8221;4.18.0&#8243; _module_preset=&#8221;default&#8221; text_orientation=&#8221;center&#8221; global_colors_info=&#8221;{}&#8221;]<\/p>\n<p><a href=\"https:\/\/joannaosuch.com\/en\/contact\/\" id=\"przycisk\">contact me<\/a><\/p>\n<p>[\/et_pb_text][\/et_pb_column][\/et_pb_row][\/et_pb_section]<\/p>","protected":false},"excerpt":{"rendered":"<p>Sesje grupowe online Ksi\u0119\u017cycowe REIKIZapraszam Ci\u0119 serdecznie do grupowej sesji online na platformie zoom gdzie przy u\u017cyciu energii Reiki b\u0119dziemy pracowa\u0107 nad r\u00f3\u017cnymi tematami. Ka\u017cde spotkanie ma jeden temat przewodni kt\u00f3ry mo\u017ce dotyczy\u0107 emocji, mi\u0142o\u015bci, relacji, pieni\u0119dzy, itd. Reiki to Uniwersalna Energia \u017bycia kt\u00f3ra uzdrawia na poziomie mentalnym, emocjonalnym, duszy i cia\u0142a. Jej g\u0142\u00f3wnym celem [&hellip;]<\/p>","protected":false},"author":1,"featured_media":0,"parent":0,"menu_order":0,"comment_status":"closed","ping_status":"closed","template":"","meta":{"_et_pb_use_builder":"on","_et_pb_old_content":"","_et_gb_content_width":"","footnotes":""},"_links":{"self":[{"href":"https:\/\/joannaosuch.com\/en\/wp-json\/wp\/v2\/pages\/160"}],"collection":[{"href":"https:\/\/joannaosuch.com\/en\/wp-json\/wp\/v2\/pages"}],"about":[{"href":"https:\/\/joannaosuch.com\/en\/wp-json\/wp\/v2\/types\/page"}],"author":[{"embeddable":true,"href":"https:\/\/joannaosuch.com\/en\/wp-json\/wp\/v2\/users\/1"}],"replies":[{"embeddable":true,"href":"https:\/\/joannaosuch.com\/en\/wp-json\/wp\/v2\/comments?post=160"}],"version-history":[{"count":6,"href":"https:\/\/joannaosuch.com\/en\/wp-json\/wp\/v2\/pages\/160\/revisions"}],"predecessor-version":[{"id":298,"href":"https:\/\/joannaosuch.com\/en\/wp-json\/wp\/v2\/pages\/160\/revisions\/298"}],"wp:attachment":[{"href":"https:\/\/joannaosuch.com\/en\/wp-json\/wp\/v2\/media?parent=160"}],"curies":[{"name":"wp","href":"https:\/\/api.w.org\/{rel}","templated":true}]}}