{"id":151,"date":"2024-02-27T22:11:42","date_gmt":"2024-02-27T21:11:42","guid":{"rendered":"https:\/\/joannaosuch.com\/?page_id=151"},"modified":"2024-06-01T00:47:02","modified_gmt":"2024-05-31T22:47:02","slug":"jak-moge-ci-pomoc","status":"publish","type":"page","link":"https:\/\/joannaosuch.com\/en\/how-can-i-help-you\/","title":{"rendered":"Individual sessions"},"content":{"rendered":"<p>[et_pb_section fb_built=&#8221;1&#8243; module_id=&#8221;wykaz-uslug&#8221; _builder_version=&#8221;4.18.0&#8243; _module_preset=&#8221;default&#8221; background_color=&#8221;#e5a3bb&#8221; global_colors_info=&#8221;{}&#8221;][et_pb_row _builder_version=&#8221;4.18.0&#8243; _module_preset=&#8221;default&#8221; custom_margin=&#8221;||0px||false|false&#8221; custom_padding=&#8221;||0px||false|false&#8221; global_colors_info=&#8221;{}&#8221;][et_pb_column type=&#8221;4_4&#8243; _builder_version=&#8221;4.18.0&#8243; _module_preset=&#8221;default&#8221; global_colors_info=&#8221;{}&#8221;][et_pb_text _builder_version=&#8221;4.18.0&#8243; _module_preset=&#8221;default&#8221; header_2_font=&#8221;|||on|||||&#8221; header_2_text_align=&#8221;center&#8221; header_2_text_color=&#8221;#FFFFFF&#8221; header_2_font_size=&#8221;32px&#8221; custom_margin=&#8221;||21px|||&#8221; global_colors_info=&#8221;{}&#8221;]<\/p>\n<h2>Individual sessions<\/h2>\n<p>[\/et_pb_text][\/et_pb_column][\/et_pb_row][et_pb_row column_structure=&#8221;1_3,1_3,1_3&#8243; make_equal=&#8221;on&#8221; _builder_version=&#8221;4.18.0&#8243; _module_preset=&#8221;default&#8221; custom_padding=&#8221;0px||||false|false&#8221; global_colors_info=&#8221;{}&#8221;][et_pb_column type=&#8221;1_3&#8243; _builder_version=&#8221;4.18.0&#8243; _module_preset=&#8221;default&#8221; background_color=&#8221;#FFFFFF&#8221; custom_padding=&#8221;20px|15px|20px|15px|true|true&#8221; border_radii=&#8221;on|10px|10px|10px|10px&#8221; border_width_all=&#8221;2px&#8221; border_color_all=&#8221;#efefef&#8221; global_colors_info=&#8221;{}&#8221;][et_pb_blurb title=&#8221;Sesje indywidualne&#8221; image=&#8221;https:\/\/joannaosuch.com\/wp-content\/uploads\/2024\/02\/sesje-indywidualne-scaled.jpg&#8221; _builder_version=&#8221;4.18.0&#8243; _module_preset=&#8221;default&#8221; header_text_align=&#8221;center&#8221; body_text_align=&#8221;center&#8221; global_colors_info=&#8221;{}&#8221;]<\/p>\n<p><span>After working through negative emotions, your soul will feel happy and this on the physical level means that your life will undergo a transformation.\u00a0<\/span><\/p>\n<p><a href=\"https:\/\/joannaosuch.com\/en\/individual-sessions\/\"><span>Find out more<\/span><\/a><\/p>\n<p>[\/et_pb_blurb][\/et_pb_column][et_pb_column type=&#8221;1_3&#8243; _builder_version=&#8221;4.18.0&#8243; _module_preset=&#8221;default&#8221; background_color=&#8221;#FFFFFF&#8221; custom_padding=&#8221;20px|15px|20px|15px|true|true&#8221; border_radii=&#8221;on|10px|10px|10px|10px&#8221; border_width_all=&#8221;2px&#8221; border_color_all=&#8221;#efefef&#8221; global_colors_info=&#8221;{}&#8221;][et_pb_blurb title=&#8221;Sesje REIKI&#8221; image=&#8221;https:\/\/joannaosuch.com\/wp-content\/uploads\/2024\/02\/2.png&#8221; _builder_version=&#8221;4.18.0&#8243; _module_preset=&#8221;default&#8221; header_text_align=&#8221;center&#8221; body_text_align=&#8221;center&#8221; global_colors_info=&#8221;{}&#8221;]<\/p>\n<p><span>Reiki sessions will also help you transform your life, regain peace of mind and clarity of thought. Reiki will open your heart to love and let go of emotional pain.<\/span><\/p>\n<p><a href=\"https:\/\/joannaosuch.com\/en\/reiki-sessions\/\"><span>Find out more<\/span><\/a><\/p>\n<p>[\/et_pb_blurb][\/et_pb_column][et_pb_column type=&#8221;1_3&#8243; _builder_version=&#8221;4.18.0&#8243; _module_preset=&#8221;default&#8221; background_color=&#8221;#FFFFFF&#8221; custom_padding=&#8221;20px|15px|20px|15px|true|true&#8221; border_radii=&#8221;on|10px|10px|10px|10px&#8221; border_width_all=&#8221;2px&#8221; border_color_all=&#8221;#efefef&#8221; global_colors_info=&#8221;{}&#8221;][et_pb_blurb title=&#8221;Sesje telegonii&#8221; image=&#8221;https:\/\/joannaosuch.com\/wp-content\/uploads\/2024\/02\/3.png&#8221; _builder_version=&#8221;4.18.0&#8243; _module_preset=&#8221;default&#8221; header_text_align=&#8221;center&#8221; body_text_align=&#8221;center&#8221; global_colors_info=&#8221;{}&#8221;]<\/p>\n<p><span>A telegony session will help cleanse your matrix of the energy of your first sexual man so that your husband or the man with whom you want to start a family is 100% the father of your child.<\/span><\/p>\n<p><a href=\"https:\/\/joannaosuch.com\/en\/reiki-sessions\/\"><span>Find out more<\/span><\/a><\/p>\n<p>[\/et_pb_blurb][\/et_pb_column][\/et_pb_row][et_pb_row column_structure=&#8221;1_3,1_3,1_3&#8243; make_equal=&#8221;on&#8221; _builder_version=&#8221;4.18.0&#8243; _module_preset=&#8221;default&#8221; custom_padding=&#8221;0px||||false|false&#8221; global_colors_info=&#8221;{}&#8221;][et_pb_column type=&#8221;1_3&#8243; _builder_version=&#8221;4.18.0&#8243; _module_preset=&#8221;default&#8221; background_color=&#8221;#FFFFFF&#8221; custom_padding=&#8221;20px|15px|20px|15px|true|true&#8221; border_radii=&#8221;on|10px|10px|10px|10px&#8221; border_width_all=&#8221;2px&#8221; border_color_all=&#8221;#efefef&#8221; global_colors_info=&#8221;{}&#8221;][et_pb_blurb title=&#8221;Sesje biznesowe&#8221; image=&#8221;https:\/\/joannaosuch.com\/wp-content\/uploads\/2024\/02\/4.png&#8221; _builder_version=&#8221;4.18.0&#8243; _module_preset=&#8221;default&#8221; header_text_align=&#8221;center&#8221; body_text_align=&#8221;center&#8221; global_colors_info=&#8221;{}&#8221;]<\/p>\n<p><span>Your company is built by your personal energy and beliefs, so the foundation of work during the session is to work with your subconscious and clear all energy blockages.<\/span><\/p>\n<p><a href=\"https:\/\/joannaosuch.com\/en\/business-sessions\/\"><span>Find out more<\/span><\/a><\/p>\n<p>[\/et_pb_blurb][\/et_pb_column][et_pb_column type=&#8221;1_3&#8243; _builder_version=&#8221;4.18.0&#8243; _module_preset=&#8221;default&#8221; background_color=&#8221;#FFFFFF&#8221; custom_padding=&#8221;20px|15px|20px|15px|true|true&#8221; border_radii=&#8221;on|10px|10px|10px|10px&#8221; border_width_all=&#8221;2px&#8221; border_color_all=&#8221;#efefef&#8221; global_colors_info=&#8221;{}&#8221;][et_pb_blurb title=&#8221;Sesje ustawie\u0144 systemowych&#8221; image=&#8221;https:\/\/joannaosuch.com\/wp-content\/uploads\/2024\/03\/IMG_7744-scaled.jpg&#8221; _builder_version=&#8221;4.18.0&#8243; _module_preset=&#8221;default&#8221; header_text_align=&#8221;center&#8221; body_text_align=&#8221;center&#8221; hover_enabled=&#8221;0&#8243; global_colors_info=&#8221;{}&#8221; title_text=&#8221;IMG_7744&#8243; sticky_enabled=&#8221;0&#8243;]<\/p>\n<p><span>I call my type of systemic sessions \"silent setup sessions\" because I will represent you and process your emotions, problems and traumas.<\/span><\/p>\n<p><a href=\"https:\/\/joannaosuch.com\/en\/system-settings-sessions\/\"><span>Find out more<\/span><\/a><\/p>\n<p>[\/et_pb_blurb][\/et_pb_column][et_pb_column type=&#8221;1_3&#8243; _builder_version=&#8221;4.18.0&#8243; _module_preset=&#8221;default&#8221; global_colors_info=&#8221;{}&#8221;][\/et_pb_column][\/et_pb_row][\/et_pb_section]<\/p>","protected":false},"excerpt":{"rendered":"<p>Sesje indywidualnePo przepracowaniu negatywnych emocji Twoja dusza poczuje si\u0119 szcz\u0119\u015bliwa a to na poziomie fizycznym oznacza, \u017ce Twoje \u017cycie przejdzie transformacj\u0119.\u00a0 Dowiedz si\u0119 wi\u0119cejSesje Reiki r\u00f3wnie\u017c pomog\u0105 Ci transformowa\u0107 Twoje \u017cycie, odzyska\u0107 spok\u00f3j ducha i jasno\u015b\u0107 my\u015blenia. Reiki otworzy Twoje serce na mi\u0142o\u015b\u0107 i pozwoli odej\u015b\u0107 emocjonalnemu b\u00f3lowi. Dowiedz si\u0119 wi\u0119cejSesja telegonii pomo\u017ce oczy\u015bci\u0107 Twoj\u0105 [&hellip;]<\/p>","protected":false},"author":1,"featured_media":0,"parent":0,"menu_order":0,"comment_status":"closed","ping_status":"closed","template":"","meta":{"_et_pb_use_builder":"on","_et_pb_old_content":"","_et_gb_content_width":"","footnotes":""},"_links":{"self":[{"href":"https:\/\/joannaosuch.com\/en\/wp-json\/wp\/v2\/pages\/151"}],"collection":[{"href":"https:\/\/joannaosuch.com\/en\/wp-json\/wp\/v2\/pages"}],"about":[{"href":"https:\/\/joannaosuch.com\/en\/wp-json\/wp\/v2\/types\/page"}],"author":[{"embeddable":true,"href":"https:\/\/joannaosuch.com\/en\/wp-json\/wp\/v2\/users\/1"}],"replies":[{"embeddable":true,"href":"https:\/\/joannaosuch.com\/en\/wp-json\/wp\/v2\/comments?post=151"}],"version-history":[{"count":8,"href":"https:\/\/joannaosuch.com\/en\/wp-json\/wp\/v2\/pages\/151\/revisions"}],"predecessor-version":[{"id":378,"href":"https:\/\/joannaosuch.com\/en\/wp-json\/wp\/v2\/pages\/151\/revisions\/378"}],"wp:attachment":[{"href":"https:\/\/joannaosuch.com\/en\/wp-json\/wp\/v2\/media?parent=151"}],"curies":[{"name":"wp","href":"https:\/\/api.w.org\/{rel}","templated":true}]}}